{"id":3,"date":"2020-09-30T22:01:59","date_gmt":"2020-09-30T22:01:59","guid":{"rendered":"https:\/\/cursosinnovacioneducativa.com\/?page_id=3"},"modified":"2020-10-06T03:17:09","modified_gmt":"2020-10-06T03:17:09","slug":"privacy-policy","status":"publish","type":"page","link":"https:\/\/cursosinnovacioneducativa.com\/?page_id=3","title":{"rendered":"Pol\u00edtica de cookies"},"content":{"rendered":"<p>Nuestra Pol\u00edtica de Cookies tiene por finalidad informarte de forma clara y completa sobre el funcionamiento y la finalidad de las cookies que se utilizan en la p\u00e1gina web www.cursosinnovacioneducativa.com&nbsp;(en adelante, la Plataforma). En caso de que quieras recabar m\u00e1s informaci\u00f3n sobre las cookies, puedes remitir un correo electr\u00f3nico a&nbsp;info@cursosinnovacioneducativa.com.<\/p><h2 class=\"wp-block-heading\">Cookies<\/h2><p>Una cookie es un archivo que se descarga en tu equipo terminal\/dispositivo (ordenador o equipo m\u00f3vil) con la finalidad de almacenar datos que podr\u00e1n ser actualizados y recuperados por la entidad responsable de su instalaci\u00f3n. Nuestra Plataforma utiliza \u00abcookies\u00bb con la finalidad de poder recabar informaci\u00f3n acerca de su funcionamiento y uso de los usuarios.<\/p><p>Nosotros no almacenamos informaci\u00f3n sensible de identificaci\u00f3n personal como tu direcci\u00f3n, contrase\u00f1a, los datos de tu tarjeta de cr\u00e9dito o d\u00e9bito, etc. en las cookies que utilizamos.<\/p><h2 class=\"wp-block-heading\">Finalidad<\/h2><p>Las cookies pueden recabar informaci\u00f3n sobre tus visitas a nuestra Plataforma, la frecuencia y duraci\u00f3n de estas, las p\u00e1ginas visionadas y el tiempo que has estado en nuestra Plataforma. Te informamos de que podemos utilizar cookies con la finalidad de:<\/p><ul class=\"wp-block-list\"><li>Identificar problemas para mejorar nuestra Plataforma<\/li><li>Facilitar tu navegaci\u00f3n en nuestra Plataforma<\/li><li>Proporcionarte una mejor experiencia en su uso<\/li><li>Distinguirte de otros usuarios<\/li><\/ul><p>Asimismo, solicitamos tu consentimiento para utilizar cookies que nos permitan obtener m\u00e1s informaci\u00f3n acerca de tus preferencias y personalizar nuestra Plataforma para ajustarla a sus intereses.<\/p><h2 class=\"wp-block-heading\">Clases de cookies<\/h2><p>INuestra Plataforma utiliza cookies propias y de terceros con diferentes finalidades, concretamente:<\/p><h3 class=\"wp-block-heading\"><strong>Cookies propias<\/strong><\/h3><p>Son enviadas a tu ordenador y gestionadas exclusivamente por nosotros para el mejor funcionamiento de la Plataforma. Estas cookies permanecen en tu navegador y nos permiten identificarte como usuario recurrente de la Plataforma, controlar la sesi\u00f3n de usuario, recordar la configuraci\u00f3n de las cookies, reconocerte como usuario en caso de realizar tr\u00e1mites de identificaci\u00f3n y personalizar tu contenido para ofrecerte contenidos adecuados a tus preferencias (cookies de personalizaci\u00f3n).<\/p><h3 class=\"wp-block-heading\"><strong>Cookies de terceros<\/strong><\/h3><p>Las cookies de terceros son aquellas establecidas por un dominio diferente de nuestra Plataforma. En nuestra Plataforma utilizamos dos tipos de cookies de terceros:<\/p><ul class=\"wp-block-list\"><li><strong>Cookies T\u00e9cnicas:<\/strong> Te permiten navegar a trav\u00e9s de la Plataforma y utilizar los servicios en ella disponibles como, por ejemplo, controlar la comunicaci\u00f3n de datos, realizar una compra, almacenar contenidos, personalizar el idioma y la moneda, los tests de comprobaci\u00f3n de formato, compartir contenidos a trav\u00e9s de redes sociales de acuerdo con los intereses del usuario, acelerar la carga de la p\u00e1gina, etc., tales como Custora, Olark, Facebook, CloudFlare, Visual Website Optimizer.<\/li><\/ul><ul class=\"wp-block-list\"><li><strong>Cookies Anal\u00edticas:<\/strong> Utilizamos Google Analytics, una herramienta de an\u00e1lisis web de Google que nos permite informarnos sobre c\u00f3mo interact\u00faan los usuarios de nuestra Plataforma. Asimismo, habilita cookies para saber desde qu\u00e9 p\u00e1gina ha accedido el usuario y las utiliza para recopilar informaci\u00f3n de forma an\u00f3nima y elaborar informes de tendencias de la Plataforma sin identificar a usuarios individuales. Puedes consultar m\u00e1s informaci\u00f3n sobre las cookies de Google Analytics y su funcionamiento en el sito web de:&nbsp;<a href=\"https:\/\/developers.google.com\/analytics\/devguides\/collection\/analyticsjs\/cookie-usage?hl=es\">developers.google.com\/analytics\/devguides\/collection\/analyticsjs\/cookie-usage<\/a><\/li><\/ul><h2 class=\"wp-block-heading\">Consentimiento<\/h2><p>Al navegar y continuar en nuestra Plataforma, estar\u00e1s consintiendo el uso de las cookies antes enunciadas en las condiciones contenidas en la presente Pol\u00edtica de Cookies.<\/p><p>Te informamos de que dado que las cookies no son necesarias para el uso de nuestra Plataforma, puedes bloquearlas o deshabilitarlas a trav\u00e9s de la configuraci\u00f3n de tu navegador. Si las bloqueas o deshabilitas podr\u00e1s seguir usando nuestra Plataforma, aunque el uso de algunos de sus servicios podr\u00e1 ser limitado y por tanto tu experiencia en nuestra Plataforma menos satisfactoria.<\/p><p>Si deseas revocar tu consentimiento informado respecto a nuestra pol\u00edtica de cookies, deber\u00e1s eliminarlas en tu dispositivo a trav\u00e9s de la configuraci\u00f3n de tus navegadores de internet. Estos son los enlaces de los distintos navegadores que informan sobre las cookies:<\/p><p>Firefox:&nbsp;<a href=\"https:\/\/www.mozilla.org\/es-ES\/privacy\/websites\/\">https:\/\/www.mozilla.org\/es-ES\/privacy\/websites\/<\/a><\/p><p>Chrome:&nbsp;<a href=\"http:\/\/support.google.com\/chrome\/bin\/answer.py?hl=es&amp;answer=95647\">http:\/\/support.google.com\/chrome\/bin\/answer.py?hl=es&amp;answer=95647<\/a><\/p><p>Explorer:&nbsp;<a href=\"http:\/\/windows.microsoft.com\/es-es\/windows7\/how-to-manage-cookies-in-internet-explorer-9\">http:\/\/windows.microsoft.com\/es-es\/windows7\/how-to-manage-cookies-in-internet-explorer-9<\/a><\/p><p>Safari:&nbsp;<a href=\"http:\/\/support.apple.com\/kb\/ph5042\">http:\/\/support.apple.com\/kb\/ph5042<\/a><\/p><p>Opera:&nbsp;<a href=\"http:\/\/help.opera.com\/Windows\/11.50\/es-ES\/cookies.html\">http:\/\/help.opera.com\/Windows\/11.50\/es-ES\/cookies.html<\/a><\/p><p>Te recomendamos revisar esta pol\u00edtica cada vez que accedas a nuestra Plataforma con el objetivo de estar adecuadamente informado sobre posibles cambios.<\/p><p>If you have an account on this site, or have left comments, you can request to receive an exported file of the personal data we hold about you, including any data you have provided to us. You can also request that we erase any personal data we hold about you. This does not include any data we are obliged to keep for administrative, legal, or security purposes.<\/p>","protected":false},"excerpt":{"rendered":"<p>Nuestra Pol\u00edtica de Cookies tiene por finalidad informarte de forma clara y completa sobre el funcionamiento y la finalidad de las cookies que se utilizan en la p\u00e1gina web www.cursosinnovacioneducativa.com&nbsp;(en adelante, la Plataforma). En caso de que quieras recabar m\u00e1s informaci\u00f3n sobre las cookies, puedes remitir un correo electr\u00f3nico a&nbsp;info@cursosinnovacioneducativa.com. Cookies Una cookie es un&hellip;&nbsp;<a href=\"https:\/\/cursosinnovacioneducativa.com\/?page_id=3\" class=\"\" rel=\"bookmark\">Leer m\u00e1s &raquo;<span class=\"screen-reader-text\">Pol\u00edtica de cookies<\/span><\/a><\/p>\n","protected":false},"author":1,"featured_media":0,"parent":0,"menu_order":0,"comment_status":"closed","ping_status":"closed","template":"","meta":{"neve_meta_sidebar":"","neve_meta_container":"","neve_meta_enable_content_width":"","neve_meta_content_width":0,"neve_meta_title_alignment":"","neve_meta_author_avatar":"","neve_post_elements_order":"","neve_meta_disable_header":"","neve_meta_disable_footer":"","neve_meta_disable_title":"","_ti_tpc_template_sync":false,"_ti_tpc_template_id":"","footnotes":""},"class_list":["post-3","page","type-page","status-publish","hentry"],"yoast_head":"<!-- This site is optimized with the Yoast SEO plugin v20.6 - https:\/\/yoast.com\/wordpress\/plugins\/seo\/ -->\n<title>Pol\u00edtica de cookies | Cursos Innovaci\u00f3n Educativa<\/title>\n<meta name=\"robots\" content=\"index, follow, max-snippet:-1, max-image-preview:large, max-video-preview:-1\" \/>\n<link rel=\"canonical\" href=\"https:\/\/cursosinnovacioneducativa.com\/?page_id=3\" \/>\n<meta property=\"og:locale\" content=\"es_ES\" \/>\n<meta property=\"og:type\" content=\"article\" \/>\n<meta property=\"og:title\" content=\"Pol\u00edtica de cookies | Cursos Innovaci\u00f3n Educativa\" \/>\n<meta property=\"og:description\" content=\"Nuestra Pol\u00edtica de Cookies tiene por finalidad informarte de forma clara y completa sobre el funcionamiento y la finalidad de las cookies que se utilizan en la p\u00e1gina web www.cursosinnovacioneducativa.com&nbsp;(en adelante, la Plataforma). En caso de que quieras recabar m\u00e1s informaci\u00f3n sobre las cookies, puedes remitir un correo electr\u00f3nico a&nbsp;info@cursosinnovacioneducativa.com. Cookies Una cookie es un&hellip;&nbsp;Leer m\u00e1s &raquo;Pol\u00edtica de cookies\" \/>\n<meta property=\"og:url\" content=\"https:\/\/cursosinnovacioneducativa.com\/?page_id=3\" \/>\n<meta property=\"og:site_name\" content=\"Cursos Innovaci\u00f3n Educativa\" \/>\n<meta property=\"article:modified_time\" content=\"2020-10-06T03:17:09+00:00\" \/>\n<meta name=\"twitter:card\" content=\"summary_large_image\" \/>\n<meta name=\"twitter:label1\" content=\"Tiempo de lectura\" \/>\n\t<meta name=\"twitter:data1\" content=\"4 minutos\" \/>\n<script type=\"application\/ld+json\" class=\"yoast-schema-graph\">{\"@context\":\"https:\/\/schema.org\",\"@graph\":[{\"@type\":\"WebPage\",\"@id\":\"https:\/\/cursosinnovacioneducativa.com\/?page_id=3\",\"url\":\"https:\/\/cursosinnovacioneducativa.com\/?page_id=3\",\"name\":\"Pol\u00edtica de cookies | Cursos Innovaci\u00f3n Educativa\",\"isPartOf\":{\"@id\":\"https:\/\/cursosinnovacioneducativa.com\/#website\"},\"datePublished\":\"2020-09-30T22:01:59+00:00\",\"dateModified\":\"2020-10-06T03:17:09+00:00\",\"breadcrumb\":{\"@id\":\"https:\/\/cursosinnovacioneducativa.com\/?page_id=3#breadcrumb\"},\"inLanguage\":\"es\",\"potentialAction\":[{\"@type\":\"ReadAction\",\"target\":[\"https:\/\/cursosinnovacioneducativa.com\/?page_id=3\"]}]},{\"@type\":\"BreadcrumbList\",\"@id\":\"https:\/\/cursosinnovacioneducativa.com\/?page_id=3#breadcrumb\",\"itemListElement\":[{\"@type\":\"ListItem\",\"position\":1,\"name\":\"Portada\",\"item\":\"https:\/\/cursosinnovacioneducativa.com\/\"},{\"@type\":\"ListItem\",\"position\":2,\"name\":\"Pol\u00edtica de cookies\"}]},{\"@type\":\"WebSite\",\"@id\":\"https:\/\/cursosinnovacioneducativa.com\/#website\",\"url\":\"https:\/\/cursosinnovacioneducativa.com\/\",\"name\":\"Cursos Innovaci\u00f3n Educativa\",\"description\":\"Educaci\u00f3n Virtual\",\"publisher\":{\"@id\":\"https:\/\/cursosinnovacioneducativa.com\/#\/schema\/person\/85350797532603d1e165cc06c7940c32\"},\"potentialAction\":[{\"@type\":\"SearchAction\",\"target\":{\"@type\":\"EntryPoint\",\"urlTemplate\":\"https:\/\/cursosinnovacioneducativa.com\/?s={search_term_string}\"},\"query-input\":\"required name=search_term_string\"}],\"inLanguage\":\"es\"},{\"@type\":[\"Person\",\"Organization\"],\"@id\":\"https:\/\/cursosinnovacioneducativa.com\/#\/schema\/person\/85350797532603d1e165cc06c7940c32\",\"name\":\"admin\",\"image\":{\"@type\":\"ImageObject\",\"inLanguage\":\"es\",\"@id\":\"https:\/\/cursosinnovacioneducativa.com\/#\/schema\/person\/image\/\",\"url\":\"https:\/\/i0.wp.com\/cursosinnovacioneducativa.com\/wp-content\/uploads\/2020\/10\/favicon-normal-500x500-1.jpg?fit=500%2C500&ssl=1\",\"contentUrl\":\"https:\/\/i0.wp.com\/cursosinnovacioneducativa.com\/wp-content\/uploads\/2020\/10\/favicon-normal-500x500-1.jpg?fit=500%2C500&ssl=1\",\"width\":500,\"height\":500,\"caption\":\"admin\"},\"logo\":{\"@id\":\"https:\/\/cursosinnovacioneducativa.com\/#\/schema\/person\/image\/\"},\"sameAs\":[\"https:\/\/cursosinnovacioneducativa.com\"]}]}<\/script>\n<!-- \/ Yoast SEO plugin. -->","yoast_head_json":{"title":"Pol\u00edtica de cookies | Cursos Innovaci\u00f3n Educativa","robots":{"index":"index","follow":"follow","max-snippet":"max-snippet:-1","max-image-preview":"max-image-preview:large","max-video-preview":"max-video-preview:-1"},"canonical":"https:\/\/cursosinnovacioneducativa.com\/?page_id=3","og_locale":"es_ES","og_type":"article","og_title":"Pol\u00edtica de cookies | Cursos Innovaci\u00f3n Educativa","og_description":"Nuestra Pol\u00edtica de Cookies tiene por finalidad informarte de forma clara y completa sobre el funcionamiento y la finalidad de las cookies que se utilizan en la p\u00e1gina web www.cursosinnovacioneducativa.com&nbsp;(en adelante, la Plataforma). En caso de que quieras recabar m\u00e1s informaci\u00f3n sobre las cookies, puedes remitir un correo electr\u00f3nico a&nbsp;info@cursosinnovacioneducativa.com. Cookies Una cookie es un&hellip;&nbsp;Leer m\u00e1s &raquo;Pol\u00edtica de cookies","og_url":"https:\/\/cursosinnovacioneducativa.com\/?page_id=3","og_site_name":"Cursos Innovaci\u00f3n Educativa","article_modified_time":"2020-10-06T03:17:09+00:00","twitter_card":"summary_large_image","twitter_misc":{"Tiempo de lectura":"4 minutos"},"schema":{"@context":"https:\/\/schema.org","@graph":[{"@type":"WebPage","@id":"https:\/\/cursosinnovacioneducativa.com\/?page_id=3","url":"https:\/\/cursosinnovacioneducativa.com\/?page_id=3","name":"Pol\u00edtica de cookies | Cursos Innovaci\u00f3n Educativa","isPartOf":{"@id":"https:\/\/cursosinnovacioneducativa.com\/#website"},"datePublished":"2020-09-30T22:01:59+00:00","dateModified":"2020-10-06T03:17:09+00:00","breadcrumb":{"@id":"https:\/\/cursosinnovacioneducativa.com\/?page_id=3#breadcrumb"},"inLanguage":"es","potentialAction":[{"@type":"ReadAction","target":["https:\/\/cursosinnovacioneducativa.com\/?page_id=3"]}]},{"@type":"BreadcrumbList","@id":"https:\/\/cursosinnovacioneducativa.com\/?page_id=3#breadcrumb","itemListElement":[{"@type":"ListItem","position":1,"name":"Portada","item":"https:\/\/cursosinnovacioneducativa.com\/"},{"@type":"ListItem","position":2,"name":"Pol\u00edtica de cookies"}]},{"@type":"WebSite","@id":"https:\/\/cursosinnovacioneducativa.com\/#website","url":"https:\/\/cursosinnovacioneducativa.com\/","name":"Cursos Innovaci\u00f3n Educativa","description":"Educaci\u00f3n Virtual","publisher":{"@id":"https:\/\/cursosinnovacioneducativa.com\/#\/schema\/person\/85350797532603d1e165cc06c7940c32"},"potentialAction":[{"@type":"SearchAction","target":{"@type":"EntryPoint","urlTemplate":"https:\/\/cursosinnovacioneducativa.com\/?s={search_term_string}"},"query-input":"required name=search_term_string"}],"inLanguage":"es"},{"@type":["Person","Organization"],"@id":"https:\/\/cursosinnovacioneducativa.com\/#\/schema\/person\/85350797532603d1e165cc06c7940c32","name":"admin","image":{"@type":"ImageObject","inLanguage":"es","@id":"https:\/\/cursosinnovacioneducativa.com\/#\/schema\/person\/image\/","url":"https:\/\/i0.wp.com\/cursosinnovacioneducativa.com\/wp-content\/uploads\/2020\/10\/favicon-normal-500x500-1.jpg?fit=500%2C500&ssl=1","contentUrl":"https:\/\/i0.wp.com\/cursosinnovacioneducativa.com\/wp-content\/uploads\/2020\/10\/favicon-normal-500x500-1.jpg?fit=500%2C500&ssl=1","width":500,"height":500,"caption":"admin"},"logo":{"@id":"https:\/\/cursosinnovacioneducativa.com\/#\/schema\/person\/image\/"},"sameAs":["https:\/\/cursosinnovacioneducativa.com"]}]}},"_links":{"self":[{"href":"https:\/\/cursosinnovacioneducativa.com\/index.php?rest_route=\/wp\/v2\/pages\/3","targetHints":{"allow":["GET"]}}],"collection":[{"href":"https:\/\/cursosinnovacioneducativa.com\/index.php?rest_route=\/wp\/v2\/pages"}],"about":[{"href":"https:\/\/cursosinnovacioneducativa.com\/index.php?rest_route=\/wp\/v2\/types\/page"}],"author":[{"embeddable":true,"href":"https:\/\/cursosinnovacioneducativa.com\/index.php?rest_route=\/wp\/v2\/users\/1"}],"replies":[{"embeddable":true,"href":"https:\/\/cursosinnovacioneducativa.com\/index.php?rest_route=%2Fwp%2Fv2%2Fcomments&post=3"}],"version-history":[{"count":2,"href":"https:\/\/cursosinnovacioneducativa.com\/index.php?rest_route=\/wp\/v2\/pages\/3\/revisions"}],"predecessor-version":[{"id":348,"href":"https:\/\/cursosinnovacioneducativa.com\/index.php?rest_route=\/wp\/v2\/pages\/3\/revisions\/348"}],"wp:attachment":[{"href":"https:\/\/cursosinnovacioneducativa.com\/index.php?rest_route=%2Fwp%2Fv2%2Fmedia&parent=3"}],"curies":[{"name":"wp","href":"https:\/\/api.w.org\/{rel}","templated":true}]}}