{"id":344,"date":"2020-10-06T03:13:57","date_gmt":"2020-10-06T03:13:57","guid":{"rendered":"https:\/\/cursosinnovacioneducativa.com\/?page_id=344"},"modified":"2020-10-06T03:14:00","modified_gmt":"2020-10-06T03:14:00","slug":"politica-de-privacidad","status":"publish","type":"page","link":"https:\/\/cursosinnovacioneducativa.com\/?page_id=344","title":{"rendered":"Pol\u00edtica de Privacidad"},"content":{"rendered":"<h3 class=\"wp-block-heading\">Introducci\u00f3n<\/h3><p>Esta Pol\u00edtica de Privacidad explica lo que hacemos con tus datos personales para prestar los servicios ofrecidos en la web www.cursosinnovacioeducativa.com (la \u00abPlataforma\u00bb), como la venta y suscripci\u00f3n a cursos, la creaci\u00f3n de tu perfil en Cursosinnovacioneducativa.com, la capacidad de ofrecer puestos de trabajo y postularse a ellos, comunicaciones, etc. (los \u00abServicios\u00bb). Esta pol\u00edtica tambi\u00e9n explica los datos que podemos recopilar cuando visitas la Plataforma. De acuerdo con la legislaci\u00f3n de datos aplicable, ten en cuenta lo siguiente:<\/p><p> 1. Si eres miembro del Espacio Econ\u00f3mico Europeo, esta Pol\u00edtica de Privacidad y la forma de procesar tus datos estar\u00e1n reguladas por el Reglamento General de Protecci\u00f3n de Datos, o Reglamento [UE] 2016\/679 (\u00abRGPD\u00bb). <br>2. Si vives en un pa\u00eds fuera de la Uni\u00f3n Europea y del Espacio Econ\u00f3mico Europeo, el procesamiento de tus datos personales estar\u00e1 regulado por las leyes de privacidad del Ecuador. <\/p><p>La empresa responsable de los datos personales es L.R. Innovaci\u00f3n Educativa., con domicilio fiscal en calle avigiras y de los guayacanes, edificio 202, CP, 170514, Ecuador (LR INNOVACI\u00d3N DIGITAL) (\u00abNosotros\u00bb o \u00abControlador de datos\u00bb). Puedes ponerte en contacto con el representante del Controlador de datos enviando un e-mail a: soporte@cursosinnovacioneducativa.com En el caso de que no proporciones la informaci\u00f3n indicada como obligatoria, es posible que no podamos procesar tu registro de usuario o proporcionarte el uso de algunos Servicios que se encuentran disponibles en la Plataforma. <\/p><p>Para poder registrarte y navegar por la Plataforma, es necesario que seas mayor de 16 a\u00f1os. LR INNOVACION EDUCATIVA puede utilizar tu informaci\u00f3n personal para verificar tu edad y asegurar el cumplimiento de esta restricci\u00f3n.<\/p><h3 class=\"wp-block-heading\">Base legal para el procesamiento de los datos personales<\/h3><p>La recopilaci\u00f3n y el procesamiento de tus datos personales se basan principalmente en la relaci\u00f3n contractual y no contractual que tienes con nosotros. <\/p><p>Cuando te enviamos boletines informativos y Servicios o cuando utilizamos la direcci\u00f3n de e-mail que nos has proporcionado para ponernos en contacto contigo de forma individual o para reconocerte cuando vuelves a visitar nuestra p\u00e1gina web, lo hacemos bajo consentimiento informado. <\/p><p>La manera en que procesamos la informaci\u00f3n recopilada por nuestras cookies se basa en el consentimiento informado que nos has dado, de acuerdo con la legislaci\u00f3n vigente.<\/p><h3 class=\"wp-block-heading\">Informaci\u00f3n personal que recopilamos<\/h3><p>Para registrarte en la Plataforma e identificarte, te pediremos datos de car\u00e1cter personal para identificarte. <\/p><p>Para crear tu perfil en la Plataforma, puedes incluir informaci\u00f3n personal como el pa\u00eds o la ciudad en la que resides, una fotograf\u00eda, tu nombre y tus apellidos, tu formaci\u00f3n y cualquier otro dato que quieras compartir en tu perfil. La informaci\u00f3n del perfil te ayuda a aprovechar al m\u00e1ximo nuestros Servicios, como que te puedan encontrar otros profesionales y descubrir oportunidades de negocio o proyectos en los que est\u00e9s interesado. Sin embargo, si no quieres que esta informaci\u00f3n sea p\u00fablica, ser\u00e1 suficiente con no rellenar tu perfil o borrar la informaci\u00f3n que hayas proporcionado. <\/p><p>Para comprar o suscribirte a nuestros cursos, te pediremos informaci\u00f3n de tu tarjeta de cr\u00e9dito o d\u00e9bito, incluidos la fecha de validez y el c\u00f3digo CVV. Si deseas pagar a trav\u00e9s de PayPal, te pediremos la direcci\u00f3n de e-mail que tengas asociada a tu cuenta. <\/p><p>Cuando visitas o utilizas nuestros Servicios, registramos datos como la frecuencia de uso, la fecha y la hora en las que accedes, cu\u00e1ndo ves o haces clic en un contenido espec\u00edfico, tus preferencias de cursos, los proyectos que compartes o el contenido que publicas. Utilizamos esa informaci\u00f3n cuando inicias sesi\u00f3n y cuando lees nuestros e-mails, y utilizamos las direcciones de protocolos de internet (\u00abIP\u00bb) para identificarte y registrar el uso que haces de la Plataforma. <\/p><p>No tomamos decisiones en funci\u00f3n de los perfiles, m\u00e1s all\u00e1 de la personalizaci\u00f3n de la publicidad y para la leg\u00edtima prevenci\u00f3n del fraude en internet. <\/p><p>Obtenemos informaci\u00f3n a trav\u00e9s de otras plataformas, por ejemplo, cuando te registras a trav\u00e9s de Facebook o plataformas similares. Esto podr\u00eda incluir textos o im\u00e1genes personales que est\u00e9n disponibles en un sitio web externo.<\/p><h3 class=\"wp-block-heading\">Objetivo del procesamiento<\/h3><p>LR INNOVACI\u00d3N EDUCATIVA, como Controlador de datos, procesar\u00e1 tus datos personales con los siguientes objetivos:<\/p><ol class=\"wp-block-list\"><li>Gestionar tu registro como usuario de la Plataforma, para identificarte y darte acceso a los Servicios que hay disponibles para los usuarios registrados en ella.<br><\/li><li> El desarrollo, el cumplimiento y la ejecuci\u00f3n del contrato para la provisi\u00f3n de servicios como la venta o suscripci\u00f3n a los cursos y redes de LR FORMACIONES o de cualquier otro contrato que podamos tener en la Plataforma. Deber\u00e1s tener en cuenta que: Nos autorizas de manera expresa a procesar los datos requeridos para la activaci\u00f3n y el proceso de pago. Los c\u00f3digos de seguridad de las tarjetas (CVV o CVC) solo se utilizar\u00e1n para procesar la compra en curso como parte de tu informaci\u00f3n de pago y no se almacenar\u00e1n ni ser\u00e1n procesados con posterioridad. El consentimiento para la activaci\u00f3n de este recurso permite que tus datos se rellenen de forma autom\u00e1tica en futuras compras, de modo que no tendr\u00e1s que volver a introducir la informaci\u00f3n de pago cada vez que realizas una compra. Se entender\u00e1 que los datos introducidos ser\u00e1n v\u00e1lidos y estar\u00e1n actualizados en futuras compras. Podr\u00e1s modificar o borrar tus tarjetas de cr\u00e9dito o tu cuenta de PayPal en cualquier momento a trav\u00e9s del m\u00e9todo de pago del formulario de compra o a trav\u00e9s de la configuraci\u00f3n del m\u00e9todo de pago de tu suscripci\u00f3n a LR FORMACIONES. Almacenamos y revelamos informaci\u00f3n de las tarjetas de acuerdo con los est\u00e1ndares de seguridad y confidencialidad internacionales para las tarjetas de cr\u00e9dito y d\u00e9bito. Por razones de seguridad, el uso de este recurso podr\u00eda requerir cambios en tu contrase\u00f1a. Recuerda que la seguridad de la Plataforma tambi\u00e9n depende del correcto uso y almacenamiento de las contrase\u00f1as confidenciales.<br><\/li><li>Recomendar formaciones y foros que coincidan con tu perfil.<br><\/li><li>Ponernos en contacto contigo por e-mail para actualizarte e informarte sobre recursos, productos o servicios contratados, incluidas las actualizaciones de seguridad de la Plataforma, siempre que sea necesario y razonable.<br><\/li><li>Responder a peticiones o consultas que hagas a trav\u00e9s de los canales de atenci\u00f3n al cliente disponibles en nuestra Plataforma.<br><\/li><li>Tambi\u00e9n utilizamos tu informaci\u00f3n para generar datos globales no identificables. Por ejemplo, para generar estad\u00edsticas sobre nuestros usuarios, sus trabajos o \u00e1reas de experiencia, el n\u00famero de impactos o clics en un curso o proyecto determinado, o su demograf\u00eda.<\/li><\/ol><h3 class=\"wp-block-heading\"><strong>Opciones<\/strong><\/h3><p>La provisi\u00f3n del Servicio de LR Innovaci\u00f3n Educativa puede conllevar el uso de tus datos personales, con tu consentimiento expreso, para hacerte llegar publicidad personalizada relacionada con nuestros productos y servicios, a trav\u00e9s de e-mails u otros medios de comunicaci\u00f3n electr\u00f3nica, enviada por nosotros o por colaboradores externos. Con el objetivo de mejorar nuestros servicios, ten en cuenta que la informaci\u00f3n personal relacionada con compras, intereses y preferencias puede ser utilizada por LR INNOVACION EDUCATIVA con fines anal\u00edticos, caracterizaci\u00f3n del perfil del usuario, estudios de marketing, encuestas de calidad y para mejorar la interacci\u00f3n con nuestros clientes.<br><\/p><p>Si no deseas recibir algunos tipos de comunicaciones que enviamos por e-mail, dentro de nuestra web deber\u00e1s acceder a la secci\u00f3n \u00abComunicados\u00bb, en \u00abEditar perfil\u00bb, para gestionar tus preferencias.<br><\/p><p>Asimismo, podr\u00e1s cancelar tus notificaciones siguiendo las instrucciones que aparecen en cada notificaci\u00f3n que recibas.<\/p><h3 class=\"wp-block-heading\"><strong>Per\u00edodo de retenci\u00f3n de datos<\/strong><\/h3><p>Retendremos tus datos personales mientras tengamos una relaci\u00f3n contractual v\u00e1lida y, tras esa vigencia, durante un plazo determinado por las obligaciones derivadas de la gesti\u00f3n de los datos o seg\u00fan establezca la normativa vigente.<\/p><h3 class=\"wp-block-heading\">Destinatarios de los datos<\/h3><p>Para cumplir los objetivos indicados en esta Pol\u00edtica de Privacidad, podr\u00eda ser necesario proporcionar o revelar tus datos personales a terceros debido a las siguientes razones:<\/p><ul class=\"wp-block-list\"><li>Traspaso de negocio: relacionado con cualquier reorganizaci\u00f3n, reestructuraci\u00f3n, fusi\u00f3n o venta, o cualquier otro traspaso de activos, incluido el personal, siempre que la parte receptora acepte procesar tus datos de acuerdo con nuestra Pol\u00edtica de Privacidad.<br><\/li><li>Prestadores de servicios: para prestar servicios en nuestro nombre o para ayudarnos a prestar nuestros servicios. Por ejemplo, contratamos proveedores para realizar servicios de marketing, publicidad, comunicaci\u00f3n, infraestructuras y servicios de TI, para personalizar y mejorar nuestro servicio, para procesar las transacciones con tarjetas de cr\u00e9dito u otros m\u00e9todos de pago, para el servicio de atenci\u00f3n al cliente, para cobrar deudas, analizar y mejorar los datos (tales como datos relacionados con la interacci\u00f3n de los usuarios con nuestros servicios), y para procesar y gestionar encuestas de satisfacci\u00f3n. Con el objetivo de ser eficientes, estos socios y proveedores pueden encontrarse en EE. UU. o en otros pa\u00edses o territorios situados fuera del Ecuador o continente americano y podr\u00edan prestar servicios de protecci\u00f3n de datos diferentes a los de tu pa\u00eds o a los de la Uni\u00f3n Europea.<\/li><\/ul><p>Al aceptar nuestra Pol\u00edtica de Privacidad, nos autorizas de manera espec\u00edfica a procesar e informar de tus datos personales a los socios mencionados y a revelar tus datos personales a los proveedores como procesadores situados fuera del Ecuador para los fines descritos en el presente documento y ofrecer un servicio completo. Cuando revelamos informaci\u00f3n personal al intercambiar datos con pa\u00edses situados fuera del Ecuador y otras regiones con leyes de protecci\u00f3n de datos, nos aseguramos de que la informaci\u00f3n se transfiere en cumplimiento de esta Pol\u00edtica de Privacidad y las leyes de protecci\u00f3n de datos vigentes.<\/p><h3 class=\"wp-block-heading\">Derechos de protecci\u00f3n de datos<\/h3><p>Como Controlador de datos, nos comprometemos a respetar la naturaleza confidencial de tus datos personales y garantizamos el completo ejercicio de estos derechos. En todo momento, podr\u00e1s ejercer los siguientes derechos:<\/p><ol class=\"wp-block-list\"><li>Derecho al acceso. Tienes derecho a confirmar si estamos procesando tus datos personales y, si lo estamos, tienes derecho a obtener una copia de los datos y de la informaci\u00f3n relacionada con el procesamiento.<\/li><li>Derecho de modificaci\u00f3n. Tienes derecho a corregir errores, a modificar datos incompletos o err\u00f3neos y a garantizar la autenticidad de la informaci\u00f3n procesada.<\/li><li>Derecho a eliminar. Tienes derecho a solicitar la eliminaci\u00f3n de tus datos personales sin un retraso injustificado, en el caso de que hayan sido procesados de manera err\u00f3nea o si el fin para el que han sido procesados o recopilados ha dejado de existir.<\/li><li>Derecho a limitar el procesamiento. Tienes derecho a solicitar la suspensi\u00f3n del procesamiento de tu informaci\u00f3n si es ilegal o si la exactitud de los datos es cuestionada.<\/li><li>Derecho de oposici\u00f3n. Tienes derecho a oponerte al procesamiento de tus datos cuando han sido utilizados con fines de marketing directo o cuando el procesamiento deba finalizar debido a un problema personal, excepto cuando haya leg\u00edtimo inter\u00e9s o sea necesario para el ejercicio o la defensa de acciones.<\/li><li>Derecho a no ser sometido a decisiones personalizadas. Tienes derecho a no ser sometido a una decisi\u00f3n basada \u00fanicamente en el procesamiento autom\u00e1tico de tus datos, incluida la caracterizaci\u00f3n del perfil, con efectos legales vinculantes o que te afecten, excepto cuando sea necesario para la ejecuci\u00f3n de un contrato, de acuerdo con la ley, o si lo has autorizado de forma expresa.<\/li><\/ol><p>Para poder ejercer estos derechos, env\u00eda un e-mail a: soporte@cursosinnovacioneducativa.com indicando tu (i) identidad con el nombre completo y la direcci\u00f3n de e-mail utilizada para registrarte o realizar registros en LR INNOVACION EDUCATIVA, un documento identificativo para comprobar tu identidad y (ii) el derecho o los derechos que est\u00e1s ejerciendo o deseas revisar.<br>Tambi\u00e9n puedes visitar la agencia que se encarga de supervisar la protecci\u00f3n de datos en tu pa\u00eds para registrar una reclamaci\u00f3n o solicitar la protecci\u00f3n de tus derechos, si lo consideras necesario. <\/p><p>El ejercicio de tales derechos es gratuito, excepto cuando las reclamaciones fueran deliberadamente infundadas o excesivas, en cuyo caso el sujeto tendr\u00e1 que pagar las costas del proceso. <\/p><p>LR Innovaci\u00f3n Educativa cumple con la legislaci\u00f3n ecuatoriana., conforme a lo dispuesto por el Ministerio de Telecomunicaciones para regular la recopilaci\u00f3n, el uso y la retenci\u00f3n de informaci\u00f3n personal transferida por el Ecuador a terceros estados. <br>Si hubiera alg\u00fan conflicto entre los t\u00e9rminos de esta Pol\u00edtica de Privacidad y las leyes comerciales del Ecuador, prevalecer\u00e1n las leyes comerciales del Ecuador. Para obtener m\u00e1s informaci\u00f3n sobre la protecci\u00f3n de datos en el Ecuador, puede consultar la Ley Org\u00e1nica 15\/1999 del 13 de Diciembre sobre la Protecci\u00f3n de Datos de Car\u00e1cter Personal. (LOPD)<\/p><h3 class=\"wp-block-heading\">Informaci\u00f3n sobre cookies<\/h3><p>Utilizamos cookies, peque\u00f1os archivos con informaci\u00f3n relativa a tu navegaci\u00f3n en esta Plataforma, principalmente para posibilitar una mejor experiencia del usuario y mejorar nuestros servicios al cliente. Por favor, lee nuestra Pol\u00edtica de cookies para<br>obtener m\u00e1s informaci\u00f3n sobre las cookies que utilizamos as\u00ed como sus fines y usos respecto al usuario.<\/p><h3 class=\"wp-block-heading\">Requisitos<\/h3><p>En cumplimiento de la Ley Org\u00e1nica de Protecci\u00f3n de Datos 15\/1999 del Ecuador, LR INNOVACION EDUCATIVA se compromete a resolver las reclamaciones relativas a la recopilaci\u00f3n o al uso de tus datos personales. Los usuarios de la Uni\u00f3n Europea con consultas o reclamaciones relativas a la pol\u00edtica del Escudo de Privacidad deber\u00e1n ponerse en contacto con LR Innovaci\u00f3n Educativa en primer lugar: soporte@cursosinnovacioneducativa.com<\/p><h3 class=\"wp-block-heading\">Cambios<\/h3><p>Actualizaremos esta Pol\u00edtica de Privacidad puntualmente y de acuerdo con la legislaci\u00f3n regulatoria u operativa. Te notificaremos estos cambios (incluida la fecha de vigencia) seg\u00fan la normativa establecida. <\/p><p>Publicado el 4 de Octubre de 2020<\/p>","protected":false},"excerpt":{"rendered":"<p>Introducci\u00f3n Esta Pol\u00edtica de Privacidad explica lo que hacemos con tus datos personales para prestar los servicios ofrecidos en la web www.cursosinnovacioeducativa.com (la \u00abPlataforma\u00bb), como la venta y suscripci\u00f3n a cursos, la creaci\u00f3n de tu perfil en Cursosinnovacioneducativa.com, la capacidad de ofrecer puestos de trabajo y postularse a ellos, comunicaciones, etc. (los \u00abServicios\u00bb). Esta pol\u00edtica&hellip;&nbsp;<a href=\"https:\/\/cursosinnovacioneducativa.com\/?page_id=344\" class=\"\" rel=\"bookmark\">Leer m\u00e1s &raquo;<span class=\"screen-reader-text\">Pol\u00edtica de Privacidad<\/span><\/a><\/p>\n","protected":false},"author":1,"featured_media":0,"parent":0,"menu_order":0,"comment_status":"closed","ping_status":"closed","template":"","meta":{"neve_meta_sidebar":"","neve_meta_container":"","neve_meta_enable_content_width":"","neve_meta_content_width":0,"neve_meta_title_alignment":"","neve_meta_author_avatar":"","neve_post_elements_order":"","neve_meta_disable_header":"","neve_meta_disable_footer":"","neve_meta_disable_title":"","_ti_tpc_template_sync":false,"_ti_tpc_template_id":"","footnotes":""},"class_list":["post-344","page","type-page","status-publish","hentry"],"yoast_head":"<!-- This site is optimized with the Yoast SEO plugin v20.6 - https:\/\/yoast.com\/wordpress\/plugins\/seo\/ -->\n<title>Pol\u00edtica de Privacidad | Cursos Innovaci\u00f3n Educativa<\/title>\n<meta name=\"robots\" content=\"index, follow, max-snippet:-1, max-image-preview:large, max-video-preview:-1\" \/>\n<link rel=\"canonical\" href=\"https:\/\/cursosinnovacioneducativa.com\/?page_id=344\" \/>\n<meta property=\"og:locale\" content=\"es_ES\" \/>\n<meta property=\"og:type\" content=\"article\" \/>\n<meta property=\"og:title\" content=\"Pol\u00edtica de Privacidad | Cursos Innovaci\u00f3n Educativa\" \/>\n<meta property=\"og:description\" content=\"Introducci\u00f3n Esta Pol\u00edtica de Privacidad explica lo que hacemos con tus datos personales para prestar los servicios ofrecidos en la web www.cursosinnovacioeducativa.com (la \u00abPlataforma\u00bb), como la venta y suscripci\u00f3n a cursos, la creaci\u00f3n de tu perfil en Cursosinnovacioneducativa.com, la capacidad de ofrecer puestos de trabajo y postularse a ellos, comunicaciones, etc. (los \u00abServicios\u00bb). Esta pol\u00edtica&hellip;&nbsp;Leer m\u00e1s &raquo;Pol\u00edtica de Privacidad\" \/>\n<meta property=\"og:url\" content=\"https:\/\/cursosinnovacioneducativa.com\/?page_id=344\" \/>\n<meta property=\"og:site_name\" content=\"Cursos Innovaci\u00f3n Educativa\" \/>\n<meta property=\"article:modified_time\" content=\"2020-10-06T03:14:00+00:00\" \/>\n<meta name=\"twitter:card\" content=\"summary_large_image\" \/>\n<meta name=\"twitter:label1\" content=\"Tiempo de lectura\" \/>\n\t<meta name=\"twitter:data1\" content=\"12 minutos\" \/>\n<script type=\"application\/ld+json\" class=\"yoast-schema-graph\">{\"@context\":\"https:\/\/schema.org\",\"@graph\":[{\"@type\":\"WebPage\",\"@id\":\"https:\/\/cursosinnovacioneducativa.com\/?page_id=344\",\"url\":\"https:\/\/cursosinnovacioneducativa.com\/?page_id=344\",\"name\":\"Pol\u00edtica de Privacidad | Cursos Innovaci\u00f3n Educativa\",\"isPartOf\":{\"@id\":\"https:\/\/cursosinnovacioneducativa.com\/#website\"},\"datePublished\":\"2020-10-06T03:13:57+00:00\",\"dateModified\":\"2020-10-06T03:14:00+00:00\",\"breadcrumb\":{\"@id\":\"https:\/\/cursosinnovacioneducativa.com\/?page_id=344#breadcrumb\"},\"inLanguage\":\"es\",\"potentialAction\":[{\"@type\":\"ReadAction\",\"target\":[\"https:\/\/cursosinnovacioneducativa.com\/?page_id=344\"]}]},{\"@type\":\"BreadcrumbList\",\"@id\":\"https:\/\/cursosinnovacioneducativa.com\/?page_id=344#breadcrumb\",\"itemListElement\":[{\"@type\":\"ListItem\",\"position\":1,\"name\":\"Portada\",\"item\":\"https:\/\/cursosinnovacioneducativa.com\/\"},{\"@type\":\"ListItem\",\"position\":2,\"name\":\"Pol\u00edtica de Privacidad\"}]},{\"@type\":\"WebSite\",\"@id\":\"https:\/\/cursosinnovacioneducativa.com\/#website\",\"url\":\"https:\/\/cursosinnovacioneducativa.com\/\",\"name\":\"Cursos Innovaci\u00f3n Educativa\",\"description\":\"Educaci\u00f3n Virtual\",\"publisher\":{\"@id\":\"https:\/\/cursosinnovacioneducativa.com\/#\/schema\/person\/85350797532603d1e165cc06c7940c32\"},\"potentialAction\":[{\"@type\":\"SearchAction\",\"target\":{\"@type\":\"EntryPoint\",\"urlTemplate\":\"https:\/\/cursosinnovacioneducativa.com\/?s={search_term_string}\"},\"query-input\":\"required name=search_term_string\"}],\"inLanguage\":\"es\"},{\"@type\":[\"Person\",\"Organization\"],\"@id\":\"https:\/\/cursosinnovacioneducativa.com\/#\/schema\/person\/85350797532603d1e165cc06c7940c32\",\"name\":\"admin\",\"image\":{\"@type\":\"ImageObject\",\"inLanguage\":\"es\",\"@id\":\"https:\/\/cursosinnovacioneducativa.com\/#\/schema\/person\/image\/\",\"url\":\"https:\/\/i0.wp.com\/cursosinnovacioneducativa.com\/wp-content\/uploads\/2020\/10\/favicon-normal-500x500-1.jpg?fit=500%2C500&ssl=1\",\"contentUrl\":\"https:\/\/i0.wp.com\/cursosinnovacioneducativa.com\/wp-content\/uploads\/2020\/10\/favicon-normal-500x500-1.jpg?fit=500%2C500&ssl=1\",\"width\":500,\"height\":500,\"caption\":\"admin\"},\"logo\":{\"@id\":\"https:\/\/cursosinnovacioneducativa.com\/#\/schema\/person\/image\/\"},\"sameAs\":[\"https:\/\/cursosinnovacioneducativa.com\"]}]}<\/script>\n<!-- \/ Yoast SEO plugin. -->","yoast_head_json":{"title":"Pol\u00edtica de Privacidad | Cursos Innovaci\u00f3n Educativa","robots":{"index":"index","follow":"follow","max-snippet":"max-snippet:-1","max-image-preview":"max-image-preview:large","max-video-preview":"max-video-preview:-1"},"canonical":"https:\/\/cursosinnovacioneducativa.com\/?page_id=344","og_locale":"es_ES","og_type":"article","og_title":"Pol\u00edtica de Privacidad | Cursos Innovaci\u00f3n Educativa","og_description":"Introducci\u00f3n Esta Pol\u00edtica de Privacidad explica lo que hacemos con tus datos personales para prestar los servicios ofrecidos en la web www.cursosinnovacioeducativa.com (la \u00abPlataforma\u00bb), como la venta y suscripci\u00f3n a cursos, la creaci\u00f3n de tu perfil en Cursosinnovacioneducativa.com, la capacidad de ofrecer puestos de trabajo y postularse a ellos, comunicaciones, etc. (los \u00abServicios\u00bb). Esta pol\u00edtica&hellip;&nbsp;Leer m\u00e1s &raquo;Pol\u00edtica de Privacidad","og_url":"https:\/\/cursosinnovacioneducativa.com\/?page_id=344","og_site_name":"Cursos Innovaci\u00f3n Educativa","article_modified_time":"2020-10-06T03:14:00+00:00","twitter_card":"summary_large_image","twitter_misc":{"Tiempo de lectura":"12 minutos"},"schema":{"@context":"https:\/\/schema.org","@graph":[{"@type":"WebPage","@id":"https:\/\/cursosinnovacioneducativa.com\/?page_id=344","url":"https:\/\/cursosinnovacioneducativa.com\/?page_id=344","name":"Pol\u00edtica de Privacidad | Cursos Innovaci\u00f3n Educativa","isPartOf":{"@id":"https:\/\/cursosinnovacioneducativa.com\/#website"},"datePublished":"2020-10-06T03:13:57+00:00","dateModified":"2020-10-06T03:14:00+00:00","breadcrumb":{"@id":"https:\/\/cursosinnovacioneducativa.com\/?page_id=344#breadcrumb"},"inLanguage":"es","potentialAction":[{"@type":"ReadAction","target":["https:\/\/cursosinnovacioneducativa.com\/?page_id=344"]}]},{"@type":"BreadcrumbList","@id":"https:\/\/cursosinnovacioneducativa.com\/?page_id=344#breadcrumb","itemListElement":[{"@type":"ListItem","position":1,"name":"Portada","item":"https:\/\/cursosinnovacioneducativa.com\/"},{"@type":"ListItem","position":2,"name":"Pol\u00edtica de Privacidad"}]},{"@type":"WebSite","@id":"https:\/\/cursosinnovacioneducativa.com\/#website","url":"https:\/\/cursosinnovacioneducativa.com\/","name":"Cursos Innovaci\u00f3n Educativa","description":"Educaci\u00f3n Virtual","publisher":{"@id":"https:\/\/cursosinnovacioneducativa.com\/#\/schema\/person\/85350797532603d1e165cc06c7940c32"},"potentialAction":[{"@type":"SearchAction","target":{"@type":"EntryPoint","urlTemplate":"https:\/\/cursosinnovacioneducativa.com\/?s={search_term_string}"},"query-input":"required name=search_term_string"}],"inLanguage":"es"},{"@type":["Person","Organization"],"@id":"https:\/\/cursosinnovacioneducativa.com\/#\/schema\/person\/85350797532603d1e165cc06c7940c32","name":"admin","image":{"@type":"ImageObject","inLanguage":"es","@id":"https:\/\/cursosinnovacioneducativa.com\/#\/schema\/person\/image\/","url":"https:\/\/i0.wp.com\/cursosinnovacioneducativa.com\/wp-content\/uploads\/2020\/10\/favicon-normal-500x500-1.jpg?fit=500%2C500&ssl=1","contentUrl":"https:\/\/i0.wp.com\/cursosinnovacioneducativa.com\/wp-content\/uploads\/2020\/10\/favicon-normal-500x500-1.jpg?fit=500%2C500&ssl=1","width":500,"height":500,"caption":"admin"},"logo":{"@id":"https:\/\/cursosinnovacioneducativa.com\/#\/schema\/person\/image\/"},"sameAs":["https:\/\/cursosinnovacioneducativa.com"]}]}},"_links":{"self":[{"href":"https:\/\/cursosinnovacioneducativa.com\/index.php?rest_route=\/wp\/v2\/pages\/344","targetHints":{"allow":["GET"]}}],"collection":[{"href":"https:\/\/cursosinnovacioneducativa.com\/index.php?rest_route=\/wp\/v2\/pages"}],"about":[{"href":"https:\/\/cursosinnovacioneducativa.com\/index.php?rest_route=\/wp\/v2\/types\/page"}],"author":[{"embeddable":true,"href":"https:\/\/cursosinnovacioneducativa.com\/index.php?rest_route=\/wp\/v2\/users\/1"}],"replies":[{"embeddable":true,"href":"https:\/\/cursosinnovacioneducativa.com\/index.php?rest_route=%2Fwp%2Fv2%2Fcomments&post=344"}],"version-history":[{"count":1,"href":"https:\/\/cursosinnovacioneducativa.com\/index.php?rest_route=\/wp\/v2\/pages\/344\/revisions"}],"predecessor-version":[{"id":346,"href":"https:\/\/cursosinnovacioneducativa.com\/index.php?rest_route=\/wp\/v2\/pages\/344\/revisions\/346"}],"wp:attachment":[{"href":"https:\/\/cursosinnovacioneducativa.com\/index.php?rest_route=%2Fwp%2Fv2%2Fmedia&parent=344"}],"curies":[{"name":"wp","href":"https:\/\/api.w.org\/{rel}","templated":true}]}}