{"id":82,"date":"2020-01-17T15:27:57","date_gmt":"2020-01-17T15:27:57","guid":{"rendered":"https:\/\/demosites.io\/web-agency\/?page_id=31"},"modified":"2020-11-09T14:00:10","modified_gmt":"2020-11-09T19:00:10","slug":"300f0-web-agency-contact","status":"publish","type":"page","link":"https:\/\/cursosinnovacioneducativa.com\/?page_id=82","title":{"rendered":"Cont\u00e1ctanos"},"content":{"rendered":"\t\t<div data-elementor-type=\"wp-page\" data-elementor-id=\"82\" class=\"elementor elementor-82\">\n\t\t\t\t\t\t<div class=\"elementor-inner\">\n\t\t\t\t<div class=\"elementor-section-wrap\">\n\t\t\t\t\t\t\t\t\t<section class=\"elementor-section elementor-top-section elementor-element elementor-element-21f4f79 elementor-section-boxed elementor-section-height-default elementor-section-height-default\" data-id=\"21f4f79\" data-element_type=\"section\">\n\t\t\t\t\t\t<div class=\"elementor-container elementor-column-gap-default\">\n\t\t\t\t\t\t\t<div class=\"elementor-row\">\n\t\t\t\t\t<div class=\"elementor-column elementor-col-50 elementor-top-column elementor-element elementor-element-4c8cd5c\" data-id=\"4c8cd5c\" data-element_type=\"column\">\n\t\t\t<div class=\"elementor-column-wrap elementor-element-populated\">\n\t\t\t\t\t\t\t<div class=\"elementor-widget-wrap\">\n\t\t\t\t\t\t<div class=\"elementor-element elementor-element-281dc08 elementor-widget elementor-widget-heading\" data-id=\"281dc08\" data-element_type=\"widget\" data-widget_type=\"heading.default\">\n\t\t\t\t<div class=\"elementor-widget-container\">\n\t\t\t<h1 class=\"elementor-heading-title elementor-size-default\">Ponerse en contacto<\/h1>\t\t<\/div>\n\t\t\t\t<\/div>\n\t\t\t\t\t\t<\/div>\n\t\t\t\t\t<\/div>\n\t\t<\/div>\n\t\t\t\t<div class=\"elementor-column elementor-col-50 elementor-top-column elementor-element elementor-element-a8046f9\" data-id=\"a8046f9\" data-element_type=\"column\">\n\t\t\t<div class=\"elementor-column-wrap elementor-element-populated\">\n\t\t\t\t\t\t\t<div class=\"elementor-widget-wrap\">\n\t\t\t\t\t\t<div class=\"elementor-element elementor-element-8bc96e7 elementor-widget elementor-widget-image\" data-id=\"8bc96e7\" data-element_type=\"widget\" data-widget_type=\"image.default\">\n\t\t\t\t<div class=\"elementor-widget-container\">\n\t\t\t\t\t\t\t\t<div class=\"elementor-image\">\n\t\t\t\t\t\t\t\t\t\t\t\t<img loading=\"lazy\" decoding=\"async\" width=\"1024\" height=\"588\" src=\"https:\/\/i0.wp.com\/cursosinnovacioneducativa.com\/wp-content\/uploads\/2020\/10\/Logotipo-e1601696234989.jpg?fit=1024%2C588&amp;ssl=1\" class=\"attachment-large size-large wp-image-102\" alt=\"logo\" srcset=\"https:\/\/i0.wp.com\/cursosinnovacioneducativa.com\/wp-content\/uploads\/2020\/10\/Logotipo-e1601696234989.jpg?w=1261&amp;ssl=1 1261w, https:\/\/i0.wp.com\/cursosinnovacioneducativa.com\/wp-content\/uploads\/2020\/10\/Logotipo-e1601696234989.jpg?resize=300%2C172&amp;ssl=1 300w, https:\/\/i0.wp.com\/cursosinnovacioneducativa.com\/wp-content\/uploads\/2020\/10\/Logotipo-e1601696234989.jpg?resize=1024%2C588&amp;ssl=1 1024w, https:\/\/i0.wp.com\/cursosinnovacioneducativa.com\/wp-content\/uploads\/2020\/10\/Logotipo-e1601696234989.jpg?resize=768%2C441&amp;ssl=1 768w\" sizes=\"auto, (max-width: 1024px) 100vw, 1024px\" \/>\t\t\t\t\t\t\t\t\t\t\t\t\t\t<\/div>\n\t\t\t\t\t\t<\/div>\n\t\t\t\t<\/div>\n\t\t\t\t\t\t<\/div>\n\t\t\t\t\t<\/div>\n\t\t<\/div>\n\t\t\t\t\t\t\t\t<\/div>\n\t\t\t\t\t<\/div>\n\t\t<\/section>\n\t\t\t\t<section class=\"elementor-section elementor-top-section elementor-element elementor-element-2614052 elementor-section-boxed elementor-section-height-default elementor-section-height-default\" data-id=\"2614052\" data-element_type=\"section\" data-settings=\"{&quot;background_background&quot;:&quot;classic&quot;}\">\n\t\t\t\t\t\t<div class=\"elementor-container elementor-column-gap-default\">\n\t\t\t\t\t\t\t<div class=\"elementor-row\">\n\t\t\t\t\t<div class=\"elementor-column elementor-col-33 elementor-top-column elementor-element elementor-element-862965f\" data-id=\"862965f\" data-element_type=\"column\" data-settings=\"{&quot;background_background&quot;:&quot;classic&quot;}\">\n\t\t\t<div class=\"elementor-column-wrap elementor-element-populated\">\n\t\t\t\t\t\t\t<div class=\"elementor-widget-wrap\">\n\t\t\t\t\t\t<div class=\"elementor-element elementor-element-e1abe68 elementor-view-stacked elementor-shape-circle elementor-mobile-position-top elementor-vertical-align-top elementor-widget elementor-widget-icon-box\" data-id=\"e1abe68\" data-element_type=\"widget\" data-widget_type=\"icon-box.default\">\n\t\t\t\t<div class=\"elementor-widget-container\">\n\t\t\t\t\t<div class=\"elementor-icon-box-wrapper\">\n\t\t\t\t\t\t<div class=\"elementor-icon-box-icon\">\n\t\t\t\t<span class=\"elementor-icon elementor-animation-\" >\n\t\t\t\t<i aria-hidden=\"true\" class=\"fas fa-phone\"><\/i>\t\t\t\t<\/span>\n\t\t\t<\/div>\n\t\t\t\t\t\t<div class=\"elementor-icon-box-content\">\n\t\t\t\t<h3 class=\"elementor-icon-box-title\">\n\t\t\t\t\t<span  >\n\t\t\t\t\t\tLl\u00e1manos\t\t\t\t\t<\/span>\n\t\t\t\t<\/h3>\n\t\t\t\t\t\t\t\t\t<p class=\"elementor-icon-box-description\">\n\t\t\t\t\t\t593-981684393\t\t\t\t\t<\/p>\n\t\t\t\t\t\t\t<\/div>\n\t\t<\/div>\n\t\t\t\t<\/div>\n\t\t\t\t<\/div>\n\t\t\t\t\t\t<\/div>\n\t\t\t\t\t<\/div>\n\t\t<\/div>\n\t\t\t\t<div class=\"elementor-column elementor-col-33 elementor-top-column elementor-element elementor-element-5cd6fc7\" data-id=\"5cd6fc7\" data-element_type=\"column\" data-settings=\"{&quot;background_background&quot;:&quot;classic&quot;}\">\n\t\t\t<div class=\"elementor-column-wrap elementor-element-populated\">\n\t\t\t\t\t\t\t<div class=\"elementor-widget-wrap\">\n\t\t\t\t\t\t<div class=\"elementor-element elementor-element-98ffd64 elementor-view-stacked elementor-shape-circle elementor-mobile-position-top elementor-vertical-align-top elementor-widget elementor-widget-icon-box\" data-id=\"98ffd64\" data-element_type=\"widget\" data-widget_type=\"icon-box.default\">\n\t\t\t\t<div class=\"elementor-widget-container\">\n\t\t\t\t\t<div class=\"elementor-icon-box-wrapper\">\n\t\t\t\t\t\t<div class=\"elementor-icon-box-icon\">\n\t\t\t\t<span class=\"elementor-icon elementor-animation-\" >\n\t\t\t\t<i aria-hidden=\"true\" class=\"far fa-envelope\"><\/i>\t\t\t\t<\/span>\n\t\t\t<\/div>\n\t\t\t\t\t\t<div class=\"elementor-icon-box-content\">\n\t\t\t\t<h3 class=\"elementor-icon-box-title\">\n\t\t\t\t\t<span  >\n\t\t\t\t\t\tEmail\t\t\t\t\t<\/span>\n\t\t\t\t<\/h3>\n\t\t\t\t\t\t\t\t\t<p class=\"elementor-icon-box-description\">\n\t\t\t\t\t\tuisek@cursosinnovacioneducativa.com<br>soporte<span style=\"font-size: 14.4px;\">@cursosinnovacioneducativa.com<\/span>\nuisek.innovacioneducativa@gmail.com\t\t\t\t\t<\/p>\n\t\t\t\t\t\t\t<\/div>\n\t\t<\/div>\n\t\t\t\t<\/div>\n\t\t\t\t<\/div>\n\t\t\t\t\t\t<\/div>\n\t\t\t\t\t<\/div>\n\t\t<\/div>\n\t\t\t\t<div class=\"elementor-column elementor-col-33 elementor-top-column elementor-element elementor-element-36492fe\" data-id=\"36492fe\" data-element_type=\"column\" data-settings=\"{&quot;background_background&quot;:&quot;classic&quot;}\">\n\t\t\t<div class=\"elementor-column-wrap elementor-element-populated\">\n\t\t\t\t\t\t\t<div class=\"elementor-widget-wrap\">\n\t\t\t\t\t\t<div class=\"elementor-element elementor-element-f211c0b elementor-view-stacked elementor-shape-circle elementor-mobile-position-top elementor-vertical-align-top elementor-widget elementor-widget-icon-box\" data-id=\"f211c0b\" data-element_type=\"widget\" data-widget_type=\"icon-box.default\">\n\t\t\t\t<div class=\"elementor-widget-container\">\n\t\t\t\t\t<div class=\"elementor-icon-box-wrapper\">\n\t\t\t\t\t\t<div class=\"elementor-icon-box-icon\">\n\t\t\t\t<span class=\"elementor-icon elementor-animation-\" >\n\t\t\t\t<i aria-hidden=\"true\" class=\"fas fa-map-marker-alt\"><\/i>\t\t\t\t<\/span>\n\t\t\t<\/div>\n\t\t\t\t\t\t<div class=\"elementor-icon-box-content\">\n\t\t\t\t<h3 class=\"elementor-icon-box-title\">\n\t\t\t\t\t<span  >\n\t\t\t\t\t\tOficina\t\t\t\t\t<\/span>\n\t\t\t\t<\/h3>\n\t\t\t\t\t\t\t\t\t<p class=\"elementor-icon-box-description\">\n\t\t\t\t\t\t202  Quito, Ecuador\t\t\t\t\t<\/p>\n\t\t\t\t\t\t\t<\/div>\n\t\t<\/div>\n\t\t\t\t<\/div>\n\t\t\t\t<\/div>\n\t\t\t\t\t\t<\/div>\n\t\t\t\t\t<\/div>\n\t\t<\/div>\n\t\t\t\t\t\t\t\t<\/div>\n\t\t\t\t\t<\/div>\n\t\t<\/section>\n\t\t\t\t<section class=\"elementor-section elementor-top-section elementor-element elementor-element-5441218 elementor-section-boxed elementor-section-height-default elementor-section-height-default\" data-id=\"5441218\" data-element_type=\"section\" data-settings=\"{&quot;background_background&quot;:&quot;classic&quot;}\">\n\t\t\t\t\t\t<div class=\"elementor-container elementor-column-gap-default\">\n\t\t\t\t\t\t\t<div class=\"elementor-row\">\n\t\t\t\t\t<div class=\"elementor-column elementor-col-50 elementor-top-column elementor-element elementor-element-123d449\" data-id=\"123d449\" data-element_type=\"column\" data-settings=\"{&quot;background_background&quot;:&quot;classic&quot;}\">\n\t\t\t<div class=\"elementor-column-wrap elementor-element-populated\">\n\t\t\t\t\t\t\t<div class=\"elementor-widget-wrap\">\n\t\t\t\t\t\t<div class=\"elementor-element elementor-element-d25d733 elementor-widget elementor-widget-heading\" data-id=\"d25d733\" data-element_type=\"widget\" data-widget_type=\"heading.default\">\n\t\t\t\t<div class=\"elementor-widget-container\">\n\t\t\t<h2 class=\"elementor-heading-title elementor-size-default\">Env\u00edanos un mensaje o con\u00e9ctate en las redes sociales<\/h2>\t\t<\/div>\n\t\t\t\t<\/div>\n\t\t\t\t<div class=\"elementor-element elementor-element-8e28ce9 elementor-widget elementor-widget-text-editor\" data-id=\"8e28ce9\" data-element_type=\"widget\" data-widget_type=\"text-editor.default\">\n\t\t\t\t<div class=\"elementor-widget-container\">\n\t\t\t\t\t\t\t\t<div class=\"elementor-text-editor elementor-clearfix\">\n\t\t\t\t<p>Conoce m\u00e1s de nosotros <\/p>\t\t\t\t\t<\/div>\n\t\t\t\t\t\t<\/div>\n\t\t\t\t<\/div>\n\t\t\t\t<div class=\"elementor-element elementor-element-e5c9a57 elementor-shape-rounded elementor-grid-0 elementor-widget elementor-widget-social-icons\" data-id=\"e5c9a57\" data-element_type=\"widget\" data-widget_type=\"social-icons.default\">\n\t\t\t\t<div class=\"elementor-widget-container\">\n\t\t\t\t\t<div class=\"elementor-social-icons-wrapper elementor-grid\">\n\t\t\t\t\t\t\t<span class=\"elementor-grid-item\">\n\t\t\t\t\t<a class=\"elementor-icon elementor-social-icon elementor-social-icon-facebook elementor-repeater-item-665b6b8\" href=\"https:\/\/www.facebook.com\/profile.php?id=100056076935840\" target=\"_blank\">\n\t\t\t\t\t\t<span class=\"elementor-screen-only\">Facebook<\/span>\n\t\t\t\t\t\t<i class=\"fab fa-facebook\"><\/i>\t\t\t\t\t<\/a>\n\t\t\t\t<\/span>\n\t\t\t\t\t\t\t<span class=\"elementor-grid-item\">\n\t\t\t\t\t<a class=\"elementor-icon elementor-social-icon elementor-social-icon-twitter elementor-repeater-item-1906352\" href=\"https:\/\/twitter.com\/EducativaLr\" target=\"_blank\">\n\t\t\t\t\t\t<span class=\"elementor-screen-only\">Twitter<\/span>\n\t\t\t\t\t\t<i class=\"fab fa-twitter\"><\/i>\t\t\t\t\t<\/a>\n\t\t\t\t<\/span>\n\t\t\t\t\t\t\t<span class=\"elementor-grid-item\">\n\t\t\t\t\t<a class=\"elementor-icon elementor-social-icon elementor-social-icon-instagram elementor-repeater-item-4e68d1a\" href=\"https:\/\/www.instagram.com\/l.r.cursosdigitales\/\" target=\"_blank\">\n\t\t\t\t\t\t<span class=\"elementor-screen-only\">Instagram<\/span>\n\t\t\t\t\t\t<i class=\"fab fa-instagram\"><\/i>\t\t\t\t\t<\/a>\n\t\t\t\t<\/span>\n\t\t\t\t\t\t\t<span class=\"elementor-grid-item\">\n\t\t\t\t\t<a class=\"elementor-icon elementor-social-icon elementor-social-icon-youtube elementor-repeater-item-5e899f0\" href=\"https:\/\/youtube.com\/channel\/UC6mZKAhFq9II31NYKhl5Xcw\" target=\"_blank\">\n\t\t\t\t\t\t<span class=\"elementor-screen-only\">Youtube<\/span>\n\t\t\t\t\t\t<i class=\"fab fa-youtube\"><\/i>\t\t\t\t\t<\/a>\n\t\t\t\t<\/span>\n\t\t\t\t\t<\/div>\n\t\t\t\t<\/div>\n\t\t\t\t<\/div>\n\t\t\t\t\t\t<\/div>\n\t\t\t\t\t<\/div>\n\t\t<\/div>\n\t\t\t\t<div class=\"elementor-column elementor-col-50 elementor-top-column elementor-element elementor-element-b3387f2\" data-id=\"b3387f2\" data-element_type=\"column\">\n\t\t\t<div class=\"elementor-column-wrap elementor-element-populated\">\n\t\t\t\t\t\t\t<div class=\"elementor-widget-wrap\">\n\t\t\t\t\t\t<div class=\"elementor-element elementor-element-ddd665c elementor-button-align-start elementor-widget elementor-widget-form\" data-id=\"ddd665c\" data-element_type=\"widget\" data-widget_type=\"form.default\">\n\t\t\t\t<div class=\"elementor-widget-container\">\n\t\t\t\t\t<form class=\"elementor-form\" method=\"post\" name=\"New Form\">\n\t\t\t<input type=\"hidden\" name=\"post_id\" value=\"82\"\/>\n\t\t\t<input type=\"hidden\" name=\"form_id\" value=\"ddd665c\"\/>\n\n\t\t\t\n\t\t\t<div class=\"elementor-form-fields-wrapper elementor-labels-above\">\n\t\t\t\t\t\t\t\t<div class=\"elementor-field-type-text elementor-field-group elementor-column elementor-field-group-name elementor-col-100 elementor-field-required elementor-mark-required\">\n\t\t\t\t\t<label for=\"form-field-name\" class=\"elementor-field-label\">Nombre y Apellido<\/label><input size=\"1\" type=\"text\" name=\"form_fields[name]\" id=\"form-field-name\" class=\"elementor-field elementor-size-lg  elementor-field-textual\" placeholder=\"Escribe tu nombre y apellido\" required=\"required\" aria-required=\"true\">\t\t\t\t<\/div>\n\t\t\t\t\t\t\t\t<div class=\"elementor-field-type-email elementor-field-group elementor-column elementor-field-group-email elementor-col-100 elementor-field-required elementor-mark-required\">\n\t\t\t\t\t<label for=\"form-field-email\" class=\"elementor-field-label\">Email<\/label><input size=\"1\" type=\"email\" name=\"form_fields[email]\" id=\"form-field-email\" class=\"elementor-field elementor-size-lg  elementor-field-textual\" placeholder=\"Tu Email\" required=\"required\" aria-required=\"true\">\t\t\t\t<\/div>\n\t\t\t\t\t\t\t\t<div class=\"elementor-field-type-textarea elementor-field-group elementor-column elementor-field-group-message elementor-col-100 elementor-field-required elementor-mark-required\">\n\t\t\t\t\t<label for=\"form-field-message\" class=\"elementor-field-label\">Asunto<\/label><textarea class=\"elementor-field-textual elementor-field  elementor-size-lg\" name=\"form_fields[message]\" id=\"form-field-message\" rows=\"4\" placeholder=\"D\u00e9janos conocer tus dudas o preguntas\" required=\"required\" aria-required=\"true\"><\/textarea>\t\t\t\t<\/div>\n\t\t\t\t\t\t\t\t<div class=\"elementor-field-group elementor-column elementor-field-type-submit elementor-col-100\">\n\t\t\t\t\t<button type=\"submit\" class=\"elementor-button elementor-size-xl\">\n\t\t\t\t\t\t<span >\n\t\t\t\t\t\t\t\t\t\t\t\t\t\t\t<span class=\" elementor-button-icon\">\n\t\t\t\t\t\t\t\t\t\t\t\t\t\t\t\t\t\t\t\t\t\t\t\t\t\t<\/span>\n\t\t\t\t\t\t\t\t\t\t\t\t\t\t\t\t\t\t\t\t\t\t<span class=\"elementor-button-text\">ENVIAR MENSAJE<\/span>\n\t\t\t\t\t\t\t\t\t\t\t\t\t<\/span>\n\t\t\t\t\t<\/button>\n\t\t\t\t<\/div>\n\t\t\t<\/div>\n\t\t<\/form>\n\t\t\t\t<\/div>\n\t\t\t\t<\/div>\n\t\t\t\t\t\t<\/div>\n\t\t\t\t\t<\/div>\n\t\t<\/div>\n\t\t\t\t\t\t\t\t<\/div>\n\t\t\t\t\t<\/div>\n\t\t<\/section>\n\t\t\t\t\t\t\t\t\t<\/div>\n\t\t\t<\/div>\n\t\t\t\t\t<\/div>\n\t\t","protected":false},"excerpt":{"rendered":"<p>Ponerse en contacto Ll\u00e1manos 593-981684393 Email uisek@cursosinnovacioneducativa.comsoporte@cursosinnovacioneducativa.com uisek.innovacioneducativa@gmail.com Oficina 202 Quito, Ecuador Env\u00edanos un mensaje o con\u00e9ctate en las redes sociales Conoce m\u00e1s de nosotros Facebook Twitter Instagram Youtube<\/p>\n","protected":false},"author":1,"featured_media":0,"parent":0,"menu_order":0,"comment_status":"closed","ping_status":"closed","template":"elementor_header_footer","meta":{"neve_meta_sidebar":"full-width","neve_meta_container":"","neve_meta_enable_content_width":"on","neve_meta_content_width":100,"neve_meta_title_alignment":"","neve_meta_author_avatar":"","neve_post_elements_order":"","neve_meta_disable_header":"","neve_meta_disable_footer":"","neve_meta_disable_title":"","_ti_tpc_template_sync":false,"_ti_tpc_template_id":"","footnotes":""},"class_list":["post-82","page","type-page","status-publish","hentry"],"yoast_head":"<!-- This site is optimized with the Yoast SEO plugin v20.6 - https:\/\/yoast.com\/wordpress\/plugins\/seo\/ -->\n<title>Cont\u00e1ctanos | Cursos Innovaci\u00f3n Educativa<\/title>\n<meta name=\"robots\" content=\"index, follow, max-snippet:-1, max-image-preview:large, max-video-preview:-1\" \/>\n<link rel=\"canonical\" href=\"https:\/\/cursosinnovacioneducativa.com\/?page_id=82\" \/>\n<meta property=\"og:locale\" content=\"es_ES\" \/>\n<meta property=\"og:type\" content=\"article\" \/>\n<meta property=\"og:title\" content=\"Cont\u00e1ctanos | Cursos Innovaci\u00f3n Educativa\" \/>\n<meta property=\"og:description\" content=\"Ponerse en contacto Ll\u00e1manos 593-981684393 Email uisek@cursosinnovacioneducativa.comsoporte@cursosinnovacioneducativa.com uisek.innovacioneducativa@gmail.com Oficina 202 Quito, Ecuador Env\u00edanos un mensaje o con\u00e9ctate en las redes sociales Conoce m\u00e1s de nosotros Facebook Twitter Instagram Youtube\" \/>\n<meta property=\"og:url\" content=\"https:\/\/cursosinnovacioneducativa.com\/?page_id=82\" \/>\n<meta property=\"og:site_name\" content=\"Cursos Innovaci\u00f3n Educativa\" \/>\n<meta property=\"article:modified_time\" content=\"2020-11-09T19:00:10+00:00\" \/>\n<meta property=\"og:image\" content=\"https:\/\/cursosinnovacioneducativa.com\/wp-content\/uploads\/2020\/10\/Logotipo-e1601696234989-1024x588.jpg\" \/>\n<meta name=\"twitter:card\" content=\"summary_large_image\" \/>\n<script type=\"application\/ld+json\" class=\"yoast-schema-graph\">{\"@context\":\"https:\/\/schema.org\",\"@graph\":[{\"@type\":\"WebPage\",\"@id\":\"https:\/\/cursosinnovacioneducativa.com\/?page_id=82\",\"url\":\"https:\/\/cursosinnovacioneducativa.com\/?page_id=82\",\"name\":\"Cont\u00e1ctanos | Cursos Innovaci\u00f3n Educativa\",\"isPartOf\":{\"@id\":\"https:\/\/cursosinnovacioneducativa.com\/#website\"},\"datePublished\":\"2020-01-17T15:27:57+00:00\",\"dateModified\":\"2020-11-09T19:00:10+00:00\",\"breadcrumb\":{\"@id\":\"https:\/\/cursosinnovacioneducativa.com\/?page_id=82#breadcrumb\"},\"inLanguage\":\"es\",\"potentialAction\":[{\"@type\":\"ReadAction\",\"target\":[\"https:\/\/cursosinnovacioneducativa.com\/?page_id=82\"]}]},{\"@type\":\"BreadcrumbList\",\"@id\":\"https:\/\/cursosinnovacioneducativa.com\/?page_id=82#breadcrumb\",\"itemListElement\":[{\"@type\":\"ListItem\",\"position\":1,\"name\":\"Portada\",\"item\":\"https:\/\/cursosinnovacioneducativa.com\/\"},{\"@type\":\"ListItem\",\"position\":2,\"name\":\"Cont\u00e1ctanos\"}]},{\"@type\":\"WebSite\",\"@id\":\"https:\/\/cursosinnovacioneducativa.com\/#website\",\"url\":\"https:\/\/cursosinnovacioneducativa.com\/\",\"name\":\"Cursos Innovaci\u00f3n Educativa\",\"description\":\"Educaci\u00f3n Virtual\",\"publisher\":{\"@id\":\"https:\/\/cursosinnovacioneducativa.com\/#\/schema\/person\/85350797532603d1e165cc06c7940c32\"},\"potentialAction\":[{\"@type\":\"SearchAction\",\"target\":{\"@type\":\"EntryPoint\",\"urlTemplate\":\"https:\/\/cursosinnovacioneducativa.com\/?s={search_term_string}\"},\"query-input\":\"required name=search_term_string\"}],\"inLanguage\":\"es\"},{\"@type\":[\"Person\",\"Organization\"],\"@id\":\"https:\/\/cursosinnovacioneducativa.com\/#\/schema\/person\/85350797532603d1e165cc06c7940c32\",\"name\":\"admin\",\"image\":{\"@type\":\"ImageObject\",\"inLanguage\":\"es\",\"@id\":\"https:\/\/cursosinnovacioneducativa.com\/#\/schema\/person\/image\/\",\"url\":\"https:\/\/i0.wp.com\/cursosinnovacioneducativa.com\/wp-content\/uploads\/2020\/10\/favicon-normal-500x500-1.jpg?fit=500%2C500&ssl=1\",\"contentUrl\":\"https:\/\/i0.wp.com\/cursosinnovacioneducativa.com\/wp-content\/uploads\/2020\/10\/favicon-normal-500x500-1.jpg?fit=500%2C500&ssl=1\",\"width\":500,\"height\":500,\"caption\":\"admin\"},\"logo\":{\"@id\":\"https:\/\/cursosinnovacioneducativa.com\/#\/schema\/person\/image\/\"},\"sameAs\":[\"https:\/\/cursosinnovacioneducativa.com\"]}]}<\/script>\n<!-- \/ Yoast SEO plugin. -->","yoast_head_json":{"title":"Cont\u00e1ctanos | Cursos Innovaci\u00f3n Educativa","robots":{"index":"index","follow":"follow","max-snippet":"max-snippet:-1","max-image-preview":"max-image-preview:large","max-video-preview":"max-video-preview:-1"},"canonical":"https:\/\/cursosinnovacioneducativa.com\/?page_id=82","og_locale":"es_ES","og_type":"article","og_title":"Cont\u00e1ctanos | Cursos Innovaci\u00f3n Educativa","og_description":"Ponerse en contacto Ll\u00e1manos 593-981684393 Email uisek@cursosinnovacioneducativa.comsoporte@cursosinnovacioneducativa.com uisek.innovacioneducativa@gmail.com Oficina 202 Quito, Ecuador Env\u00edanos un mensaje o con\u00e9ctate en las redes sociales Conoce m\u00e1s de nosotros Facebook Twitter Instagram Youtube","og_url":"https:\/\/cursosinnovacioneducativa.com\/?page_id=82","og_site_name":"Cursos Innovaci\u00f3n Educativa","article_modified_time":"2020-11-09T19:00:10+00:00","og_image":[{"url":"https:\/\/cursosinnovacioneducativa.com\/wp-content\/uploads\/2020\/10\/Logotipo-e1601696234989-1024x588.jpg"}],"twitter_card":"summary_large_image","schema":{"@context":"https:\/\/schema.org","@graph":[{"@type":"WebPage","@id":"https:\/\/cursosinnovacioneducativa.com\/?page_id=82","url":"https:\/\/cursosinnovacioneducativa.com\/?page_id=82","name":"Cont\u00e1ctanos | Cursos Innovaci\u00f3n Educativa","isPartOf":{"@id":"https:\/\/cursosinnovacioneducativa.com\/#website"},"datePublished":"2020-01-17T15:27:57+00:00","dateModified":"2020-11-09T19:00:10+00:00","breadcrumb":{"@id":"https:\/\/cursosinnovacioneducativa.com\/?page_id=82#breadcrumb"},"inLanguage":"es","potentialAction":[{"@type":"ReadAction","target":["https:\/\/cursosinnovacioneducativa.com\/?page_id=82"]}]},{"@type":"BreadcrumbList","@id":"https:\/\/cursosinnovacioneducativa.com\/?page_id=82#breadcrumb","itemListElement":[{"@type":"ListItem","position":1,"name":"Portada","item":"https:\/\/cursosinnovacioneducativa.com\/"},{"@type":"ListItem","position":2,"name":"Cont\u00e1ctanos"}]},{"@type":"WebSite","@id":"https:\/\/cursosinnovacioneducativa.com\/#website","url":"https:\/\/cursosinnovacioneducativa.com\/","name":"Cursos Innovaci\u00f3n Educativa","description":"Educaci\u00f3n Virtual","publisher":{"@id":"https:\/\/cursosinnovacioneducativa.com\/#\/schema\/person\/85350797532603d1e165cc06c7940c32"},"potentialAction":[{"@type":"SearchAction","target":{"@type":"EntryPoint","urlTemplate":"https:\/\/cursosinnovacioneducativa.com\/?s={search_term_string}"},"query-input":"required name=search_term_string"}],"inLanguage":"es"},{"@type":["Person","Organization"],"@id":"https:\/\/cursosinnovacioneducativa.com\/#\/schema\/person\/85350797532603d1e165cc06c7940c32","name":"admin","image":{"@type":"ImageObject","inLanguage":"es","@id":"https:\/\/cursosinnovacioneducativa.com\/#\/schema\/person\/image\/","url":"https:\/\/i0.wp.com\/cursosinnovacioneducativa.com\/wp-content\/uploads\/2020\/10\/favicon-normal-500x500-1.jpg?fit=500%2C500&ssl=1","contentUrl":"https:\/\/i0.wp.com\/cursosinnovacioneducativa.com\/wp-content\/uploads\/2020\/10\/favicon-normal-500x500-1.jpg?fit=500%2C500&ssl=1","width":500,"height":500,"caption":"admin"},"logo":{"@id":"https:\/\/cursosinnovacioneducativa.com\/#\/schema\/person\/image\/"},"sameAs":["https:\/\/cursosinnovacioneducativa.com"]}]}},"_links":{"self":[{"href":"https:\/\/cursosinnovacioneducativa.com\/index.php?rest_route=\/wp\/v2\/pages\/82","targetHints":{"allow":["GET"]}}],"collection":[{"href":"https:\/\/cursosinnovacioneducativa.com\/index.php?rest_route=\/wp\/v2\/pages"}],"about":[{"href":"https:\/\/cursosinnovacioneducativa.com\/index.php?rest_route=\/wp\/v2\/types\/page"}],"author":[{"embeddable":true,"href":"https:\/\/cursosinnovacioneducativa.com\/index.php?rest_route=\/wp\/v2\/users\/1"}],"replies":[{"embeddable":true,"href":"https:\/\/cursosinnovacioneducativa.com\/index.php?rest_route=%2Fwp%2Fv2%2Fcomments&post=82"}],"version-history":[{"count":20,"href":"https:\/\/cursosinnovacioneducativa.com\/index.php?rest_route=\/wp\/v2\/pages\/82\/revisions"}],"predecessor-version":[{"id":587,"href":"https:\/\/cursosinnovacioneducativa.com\/index.php?rest_route=\/wp\/v2\/pages\/82\/revisions\/587"}],"wp:attachment":[{"href":"https:\/\/cursosinnovacioneducativa.com\/index.php?rest_route=%2Fwp%2Fv2%2Fmedia&parent=82"}],"curies":[{"name":"wp","href":"https:\/\/api.w.org\/{rel}","templated":true}]}}